{"id":297,"date":"2022-03-18T15:28:24","date_gmt":"2022-03-18T15:28:24","guid":{"rendered":"https:\/\/qec.ellabenchea.com\/?page_id=297"},"modified":"2023-08-29T16:45:50","modified_gmt":"2023-08-29T16:45:50","slug":"beyond-qec-process","status":"publish","type":"page","link":"https:\/\/qec.ellabenchea.com\/it\/about-qec\/beyond-qec-process\/","title":{"rendered":"Beyond QEC Process"},"content":{"rendered":"<div class=\"wp-block-columns is-layout-flex wp-container-core-columns-is-layout-9d6595d7 wp-block-columns-is-layout-flex\">\n<div class=\"wp-block-column is-layout-flow wp-block-column-is-layout-flow\"><\/div>\n\n\n\n<div class=\"wp-block-column is-layout-flow wp-block-column-is-layout-flow\"><\/div>\n<\/div>\n\n\n\n<div class=\"wp-block-cover alignwide\" style=\"min-height:800px;aspect-ratio:unset;\"><span aria-hidden=\"true\" class=\"wp-block-cover__background has-background-dim-60 has-background-dim\"><\/span><img data-recalc-dims=\"1\" decoding=\"async\" class=\"wp-block-cover__image-background\" alt=\"\" src=\"https:\/\/i0.wp.com\/s.w.org\/images\/core\/5.8\/forest.jpg?w=920&#038;ssl=1\" data-object-fit=\"cover\"\/><div class=\"wp-block-cover__inner-container is-layout-flow wp-block-cover-is-layout-flow\">\n<h2 class=\"wp-block-heading has-text-color\" style=\"color:#ffe074;font-size:60px\">Beyond QEC Process<\/h2>\n\n\n\n<div class=\"wp-block-columns alignwide are-vertically-aligned-bottom is-layout-flex wp-container-core-columns-is-layout-9d6595d7 wp-block-columns-is-layout-flex\">\n<div class=\"wp-block-column is-vertically-aligned-bottom is-layout-flow wp-block-column-is-layout-flow\"><\/div>\n\n\n\n<div class=\"wp-block-column is-vertically-aligned-bottom is-layout-flow wp-block-column-is-layout-flow\" style=\"flex-basis:55%\">\n<div style=\"height:330px\" aria-hidden=\"true\" class=\"wp-block-spacer\"><\/div>\n\n\n\n<p class=\"has-text-align-right has-text-color has-normal-font-size\" style=\"color:#ffe074;line-height:1.3\"><em><em><strong>The fresh, breath-taking smell of trees. Echoing birds flying above that dense magnitude. A stable climate, a sustainable diverse life and a source of culture. That&#8217;s life in its abundance! You can either live your life in scarcity or decide to open up and embrace its abundance<\/strong><\/em><\/em><\/p>\n<\/div>\n<\/div>\n<\/div><\/div>\n\n\n\n<div class=\"wp-block-columns is-layout-flex wp-container-core-columns-is-layout-9d6595d7 wp-block-columns-is-layout-flex\">\n<div class=\"wp-block-column is-layout-flow wp-block-column-is-layout-flow\"><\/div>\n\n\n\n<div class=\"wp-block-column is-layout-flow wp-block-column-is-layout-flow\"><\/div>\n<\/div>\n\n\n\n<p class=\"has-blue-background-color has-background\"><strong>In che modo la QEC \u00e8 diversa dalle altre terapie di conversazione? <\/strong><\/p>\n\n\n\n<p class=\"has-light-gray-background-color has-background\">La consulenza e il coaching ordinari funzionano solo con la mente cosciente. QEC lavora con la mente subconscia.<\/p>\n\n\n\n<p class=\"has-blue-background-color has-background\"><strong>Che tipo di problemi pu\u00f2 aiutare QEC? <\/strong><\/p>\n\n\n\n<p class=\"has-light-gray-background-color has-background\">QEC addresses a wide range of issues, for example; health problems, mental health challenges, self-worth issues, financial problems, traumas, relationship issues and situations involving grief and loss. Any circumstance can be improved by changing your thinking. Beyond QEC also deals with the connection between what is your body subjected to externally and the consequences on the body, mind and spirit.<\/p>\n\n\n\n<p class=\"has-blue-background-color has-background\"><strong>Devi credere a QEC perch\u00e9 funzioni? <\/strong><\/p>\n\n\n\n<p class=\"has-light-gray-background-color has-background\">Assolutamente no. Questo processo bypassa la mente cosciente, quindi \u00e8 irrilevante ci\u00f2 in cui credi. Il test muscolare (kinesiologia) aiuta ad affermare che le nuove sentenze sono state installate. Tuttavia, la prova del successo sta nello sperimentare i cambiamenti positivi nella tua vita.<\/p>\n\n\n\n<p class=\"has-blue-background-color has-background\"><strong>Implica l'ipnosi o uno stato alterato di coscienza? <\/strong><\/p>\n\n\n\n<p class=\"has-light-gray-background-color has-background\">No, rimani totalmente cosciente e hai il pieno controllo durante tutto il processo.<\/p>\n\n\n\n<p class=\"has-blue-background-color has-background\"><strong>You say QEC is immediately effective. How can a life-long habit simply disappear immediately? <\/strong><\/p>\n\n\n\n<p class=\"has-light-gray-background-color has-background\">Il nostro mondo potrebbe sembrare funzionare in un modo prevedibile e meccanicistico, ma quando si arriva ai mattoni di base di tutta la materia a livello subatomico, tutto \u00e8 pura energia in uno stato di potenziale costante. Creiamo la nostra realt\u00e0 comunicando costantemente con questo Campo Quantico attraverso i nostri pensieri e sentimenti. I pensieri sono impulsi elettrici, le emozioni sono magnetiche. I principi della fisica quantistica mostrano che l'influenza elettromagnetica della mente sulla nostra realt\u00e0 \u00e8 potente e immediata e che per cambiare la nostra esperienza, dobbiamo cambiare il nostro modo di pensare.<\/p>\n\n\n\n<p class=\"has-blue-background-color has-background\"><strong>Come si verifica che le credenze siano installate?<\/strong><\/p>\n\n\n\n<p class=\"has-light-gray-background-color has-background\">QEC can use a special type of Kinesiology (muscle testing), to access the subconscious mind and check installation of intentions. Since this isn&#8217;t an absolute science the best test is you experiencing life.<\/p>\n\n\n\n<p class=\"has-blue-background-color has-background\"><strong>C'\u00e8 un limite di et\u00e0 per il QEC? <\/strong><\/p>\n\n\n\n<p class=\"has-light-gray-background-color has-background\">Il QEC pu\u00f2 iniziare all'et\u00e0 della scuola primaria. Non esiste un limite massimo di et\u00e0.<\/p>\n\n\n\n<p class=\"has-blue-background-color has-background\"><strong>Non ho alcun \"problema\" in quanto tale, ma sento che non sto raggiungendo il mio pieno potenziale nel mio lavoro creativo. QEC pu\u00f2 aiutare? <\/strong><\/p>\n\n\n\n<p class=\"has-light-gray-background-color has-background\">Assolutamente. QEC \u00e8 l'ideale per espandere la tua creativit\u00e0 e rimuovere eventuali blocchi creativi.<\/p>\n\n\n\n<p class=\"has-blue-background-color has-background\"><strong>Ho dei seri problemi di salute e ho provato di tutto. La QEC pu\u00f2 migliorare la mia salute? <\/strong><\/p>\n\n\n\n<p class=\"has-light-gray-background-color has-background\">S\u00ec. Offro prima una sessione di valutazione per discutere quali sono i problemi e proceder\u00f2 al QEC se sembra appropriato. Trovo che QEC sia in grado di aiutare in quasi tutte le situazioni.<\/p>\n\n\n\n<p class=\"has-blue-background-color has-background\"><strong>Il QEC ha effetti collaterali negativi o pericoli? <\/strong><\/p>\n\n\n\n<p class=\"has-light-gray-background-color has-background\">No, \u00e8 assolutamente sicuro e non ci sono effetti collaterali.<\/p>\n\n\n\n<p class=\"has-blue-background-color has-background\"><strong>QEC pu\u00f2 essere utilizzato anche per creare per il futuro? <\/strong><\/p>\n\n\n\n<p class=\"has-light-gray-background-color has-background\">S\u00ec. Con QEC applichiamo l'intenzione focalizzata a obiettivi e sogni futuri, installando le nuove frasi nella mente subconscia. In questo modo, il cambiamento energetico nel tuo campo energetico attrae ci\u00f2 che desideri, attraverso la \u201cLegge di Attrazione\u201d.<\/p>\n\n\n\n<p class=\"has-blue-background-color has-background\"><strong>Qual \u00e8 la \u201cLegge di Attrazione\u201d? <\/strong><\/p>\n\n\n\n<p class=\"has-light-gray-background-color has-background\">La Legge di Attrazione\u201d \u00e8 una legge della fisica che afferma che attiriamo magneticamente a noi, esperienze che corrispondono alla nostra vibrazione. Ad esempio, se sei regolarmente in uno stato di vittimismo, provando disperazione e depressione, il Campo Energetico Universale si allineer\u00e0 accuratamente al tuo Campo Energetico Interno. Ci\u00f2 significa che attirerai pi\u00f9 esperienze che corrispondono alla tua vibrazione di disperazione e depressione. Per attrarre ci\u00f2 che preferiresti, devi cambiare il tuo campo energetico interno. Questo \u00e8 il lavoro di QEC.<\/p>\n\n\n\n<p class=\"has-blue-background-color has-background\"><strong>Quanto dura una sessione di QEC e cosa si ottiene? <\/strong><\/p>\n\n\n\n<p class=\"has-light-gray-background-color has-background\">Una singola sessione QEC richiede solitamente 90 minuti. \u00c8 possibile installare fino a 10 nuove credenze scelte per sessione, se il tempo lo consente.<\/p>\n\n\n\n<p class=\"has-blue-background-color has-background\"><strong>Quanto dura un ciclo tipico di trattamento QEC? <\/strong><\/p>\n\n\n\n<p class=\"has-light-gray-background-color has-background\">Di solito offro 6 sessioni distanziate a intervalli settimanali, ma questo varier\u00e0 a seconda degli argomenti con cui le persone scelgono di lavorare. A volte una singola sessione \u00e8 tutto ci\u00f2 che serve.<\/p>\n\n\n\n<p class=\"has-blue-background-color has-background\"><strong>Ci sono libri che posso leggere sull'argomento? <\/strong><\/p>\n\n\n\n<p class=\"has-light-gray-background-color has-background\">Suggerisco di leggere \u201cThe Biology of Belief\u201d di Bruce Lipton, che si trova nella maggior parte delle librerie ed \u00e8 tradotto in diverse lingue, compreso l'afrikaans. Altri buoni libri con argomenti correlati sono \"Breaking the Habit of Being Yourself\" di Joe Dispenza e \"Power Up Your Brain\" di David Perlmutter<\/p>\n\n\n\n<p>It may be a good idea to first take this 5 <a href=\"https:\/\/qecliving.com\">quiz<\/a>. and allow yourself to gain more awareness about your needs. <br>qecliving.com <\/p>\n\n\n\n<p><\/p>","protected":false},"excerpt":{"rendered":"<p>How is QEC different from other talk therapies? Ordinary counselling and coaching works only with the conscious mind. QEC works with the subconscious mind. What sort of issues can QEC<a href=\"https:\/\/qec.ellabenchea.com\/it\/about-qec\/beyond-qec-process\/\" class=\"more-link\"><span class=\"more-button\">Continue reading<span class=\"screen-reader-text\">Beyond QEC Process<\/span><\/span><\/a><\/p>","protected":false},"author":1,"featured_media":92,"parent":37,"menu_order":-1,"comment_status":"closed","ping_status":"closed","template":"","meta":{"nf_dc_page":"","_eb_attr":"","om_disable_all_campaigns":false,"_monsterinsights_skip_tracking":false,"_monsterinsights_sitenote_active":false,"_monsterinsights_sitenote_note":"","_monsterinsights_sitenote_category":0,"footnotes":""},"class_list":["post-297","page","type-page","status-publish","has-post-thumbnail","hentry"],"jetpack_sharing_enabled":true,"_links":{"self":[{"href":"https:\/\/qec.ellabenchea.com\/it\/wp-json\/wp\/v2\/pages\/297","targetHints":{"allow":["GET"]}}],"collection":[{"href":"https:\/\/qec.ellabenchea.com\/it\/wp-json\/wp\/v2\/pages"}],"about":[{"href":"https:\/\/qec.ellabenchea.com\/it\/wp-json\/wp\/v2\/types\/page"}],"author":[{"embeddable":true,"href":"https:\/\/qec.ellabenchea.com\/it\/wp-json\/wp\/v2\/users\/1"}],"replies":[{"embeddable":true,"href":"https:\/\/qec.ellabenchea.com\/it\/wp-json\/wp\/v2\/comments?post=297"}],"version-history":[{"count":4,"href":"https:\/\/qec.ellabenchea.com\/it\/wp-json\/wp\/v2\/pages\/297\/revisions"}],"predecessor-version":[{"id":504,"href":"https:\/\/qec.ellabenchea.com\/it\/wp-json\/wp\/v2\/pages\/297\/revisions\/504"}],"up":[{"embeddable":true,"href":"https:\/\/qec.ellabenchea.com\/it\/wp-json\/wp\/v2\/pages\/37"}],"wp:featuredmedia":[{"embeddable":true,"href":"https:\/\/qec.ellabenchea.com\/it\/wp-json\/wp\/v2\/media\/92"}],"wp:attachment":[{"href":"https:\/\/qec.ellabenchea.com\/it\/wp-json\/wp\/v2\/media?parent=297"}],"curies":[{"name":"wp","href":"https:\/\/api.w.org\/{rel}","templated":true}]}}